{"id":602,"date":"2025-02-27T10:38:41","date_gmt":"2025-02-27T09:38:41","guid":{"rendered":"http:\/\/kotlylawa.isnet.pl\/?page_id=602"},"modified":"2025-03-22T17:33:42","modified_gmt":"2025-03-22T16:33:42","slug":"palnik-eko-groszek-wersja-i","status":"publish","type":"page","link":"http:\/\/www.kotlylawa.pl\/?page_id=602","title":{"rendered":"Palnik eko groszek"},"content":{"rendered":"\t\t<div data-elementor-type=\"wp-page\" data-elementor-id=\"602\" class=\"elementor elementor-602\">\n\t\t\t\t<div class=\"elementor-element elementor-element-d71e058 e-flex e-con-boxed e-con e-parent\" data-id=\"d71e058\" data-element_type=\"container\">\n\t\t\t\t\t<div class=\"e-con-inner\">\n\t\t\t\t<div class=\"elementor-element elementor-element-c6d942e elementor-widget elementor-widget-text-editor\" data-id=\"c6d942e\" data-element_type=\"widget\" data-widget_type=\"text-editor.default\">\n\t\t\t\t<div class=\"elementor-widget-container\">\n\t\t\t\t\t\t\t\t\t<h3>Eko groszek \u2013 sta\u0142y<\/h3><p><!-- \/wp:list-item --><\/p><p><!-- \/wp:list --><\/p>\t\t\t\t\t\t\t\t<\/div>\n\t\t\t\t<\/div>\n\t\t\t\t\t<\/div>\n\t\t\t\t<\/div>\n\t\t<div class=\"elementor-element elementor-element-30b8b4c e-grid e-con-boxed e-con e-parent\" data-id=\"30b8b4c\" data-element_type=\"container\" data-settings=\"{&quot;background_background&quot;:&quot;classic&quot;}\">\n\t\t\t\t\t<div class=\"e-con-inner\">\n\t\t\t\t<div class=\"elementor-element elementor-element-da3eb7c elementor-widget elementor-widget-image\" data-id=\"da3eb7c\" data-element_type=\"widget\" data-widget_type=\"image.default\">\n\t\t\t\t<div class=\"elementor-widget-container\">\n\t\t\t\t\t\t\t\t\t\t\t\t\t\t\t\t<a href=\"http:\/\/www.kotlylawa.pl\/wp-content\/uploads\/2025\/02\/Palnik_Eko-groszek_2.jpg\" data-elementor-open-lightbox=\"yes\" data-elementor-lightbox-title=\"Palnik_Eko-groszek_2\" data-e-action-hash=\"#elementor-action%3Aaction%3Dlightbox%26settings%3DeyJpZCI6NjEwLCJ1cmwiOiJodHRwOlwvXC93d3cua290bHlsYXdhLnBsXC93cC1jb250ZW50XC91cGxvYWRzXC8yMDI1XC8wMlwvUGFsbmlrX0Vrby1ncm9zemVrXzIuanBnIn0%3D\">\n\t\t\t\t\t\t\t<img loading=\"lazy\" decoding=\"async\" width=\"1000\" height=\"437\" src=\"http:\/\/www.kotlylawa.pl\/wp-content\/uploads\/2025\/02\/Palnik_Eko-groszek_2.jpg\" class=\"attachment-large size-large wp-image-610\" alt=\"\" srcset=\"http:\/\/www.kotlylawa.pl\/wp-content\/uploads\/2025\/02\/Palnik_Eko-groszek_2.jpg 1000w, http:\/\/www.kotlylawa.pl\/wp-content\/uploads\/2025\/02\/Palnik_Eko-groszek_2-300x131.jpg 300w, http:\/\/www.kotlylawa.pl\/wp-content\/uploads\/2025\/02\/Palnik_Eko-groszek_2-768x336.jpg 768w\" sizes=\"auto, (max-width: 1000px) 100vw, 1000px\" \/>\t\t\t\t\t\t\t\t<\/a>\n\t\t\t\t\t\t\t\t\t\t\t\t\t\t\t<\/div>\n\t\t\t\t<\/div>\n\t\t\t\t<div class=\"elementor-element elementor-element-948051a elementor-widget elementor-widget-image\" data-id=\"948051a\" data-element_type=\"widget\" data-widget_type=\"image.default\">\n\t\t\t\t<div class=\"elementor-widget-container\">\n\t\t\t\t\t\t\t\t\t\t\t\t\t\t\t\t<a href=\"http:\/\/www.kotlylawa.pl\/wp-content\/uploads\/2025\/02\/Palnik_Eko-groszek.jpg\" data-elementor-open-lightbox=\"yes\" data-elementor-lightbox-title=\"Palnik_Eko-groszek\" data-e-action-hash=\"#elementor-action%3Aaction%3Dlightbox%26settings%3DeyJpZCI6NjExLCJ1cmwiOiJodHRwOlwvXC93d3cua290bHlsYXdhLnBsXC93cC1jb250ZW50XC91cGxvYWRzXC8yMDI1XC8wMlwvUGFsbmlrX0Vrby1ncm9zemVrLmpwZyJ9\">\n\t\t\t\t\t\t\t<img loading=\"lazy\" decoding=\"async\" width=\"1000\" height=\"587\" src=\"http:\/\/www.kotlylawa.pl\/wp-content\/uploads\/2025\/02\/Palnik_Eko-groszek.jpg\" class=\"attachment-large size-large wp-image-611\" alt=\"\" srcset=\"http:\/\/www.kotlylawa.pl\/wp-content\/uploads\/2025\/02\/Palnik_Eko-groszek.jpg 1000w, http:\/\/www.kotlylawa.pl\/wp-content\/uploads\/2025\/02\/Palnik_Eko-groszek-300x176.jpg 300w, http:\/\/www.kotlylawa.pl\/wp-content\/uploads\/2025\/02\/Palnik_Eko-groszek-768x451.jpg 768w\" sizes=\"auto, (max-width: 1000px) 100vw, 1000px\" \/>\t\t\t\t\t\t\t\t<\/a>\n\t\t\t\t\t\t\t\t\t\t\t\t\t\t\t<\/div>\n\t\t\t\t<\/div>\n\t\t\t\t\t<\/div>\n\t\t\t\t<\/div>\n\t\t<div class=\"elementor-element elementor-element-cb67067 e-flex e-con-boxed e-con e-parent\" data-id=\"cb67067\" data-element_type=\"container\">\n\t\t\t\t\t<div class=\"e-con-inner\">\n\t\t\t\t\t<\/div>\n\t\t\t\t<\/div>\n\t\t\t\t<\/div>\n\t\t","protected":false},"excerpt":{"rendered":"<p>Eko groszek \u2013 sta\u0142y<\/p>\n","protected":false},"author":1,"featured_media":0,"parent":0,"menu_order":0,"comment_status":"closed","ping_status":"closed","template":"","meta":{"footnotes":""},"class_list":["post-602","page","type-page","status-publish","hentry"],"yoast_head":"<!-- This site is optimized with the Yoast SEO plugin v24.5 - https:\/\/yoast.com\/wordpress\/plugins\/seo\/ -->\n<title>Palnik eko groszek - Kot\u0142y Lawa<\/title>\n<meta name=\"robots\" content=\"index, follow, max-snippet:-1, max-image-preview:large, max-video-preview:-1\" \/>\n<link rel=\"canonical\" href=\"http:\/\/www.kotlylawa.pl\/?page_id=602\" \/>\n<meta property=\"og:locale\" content=\"pl_PL\" \/>\n<meta property=\"og:type\" content=\"article\" \/>\n<meta property=\"og:title\" content=\"Palnik eko groszek - Kot\u0142y Lawa\" \/>\n<meta property=\"og:description\" content=\"Eko groszek \u2013 sta\u0142y\" \/>\n<meta property=\"og:url\" content=\"http:\/\/www.kotlylawa.pl\/?page_id=602\" \/>\n<meta property=\"og:site_name\" content=\"Kot\u0142y Lawa\" \/>\n<meta property=\"article:modified_time\" content=\"2025-03-22T16:33:42+00:00\" \/>\n<meta property=\"og:image\" content=\"http:\/\/www.kotlylawa.pl\/wp-content\/uploads\/2025\/02\/Palnik_Eko-groszek_2.jpg\" \/>\n<meta name=\"twitter:card\" content=\"summary_large_image\" \/>\n<script type=\"application\/ld+json\" class=\"yoast-schema-graph\">{\"@context\":\"https:\/\/schema.org\",\"@graph\":[{\"@type\":\"WebPage\",\"@id\":\"http:\/\/www.kotlylawa.pl\/?page_id=602\",\"url\":\"http:\/\/www.kotlylawa.pl\/?page_id=602\",\"name\":\"Palnik eko groszek - Kot\u0142y Lawa\",\"isPartOf\":{\"@id\":\"http:\/\/www.kotlylawa.pl\/#website\"},\"primaryImageOfPage\":{\"@id\":\"http:\/\/www.kotlylawa.pl\/?page_id=602#primaryimage\"},\"image\":{\"@id\":\"http:\/\/www.kotlylawa.pl\/?page_id=602#primaryimage\"},\"thumbnailUrl\":\"http:\/\/www.kotlylawa.pl\/wp-content\/uploads\/2025\/02\/Palnik_Eko-groszek_2.jpg\",\"datePublished\":\"2025-02-27T09:38:41+00:00\",\"dateModified\":\"2025-03-22T16:33:42+00:00\",\"breadcrumb\":{\"@id\":\"http:\/\/www.kotlylawa.pl\/?page_id=602#breadcrumb\"},\"inLanguage\":\"pl-PL\",\"potentialAction\":[{\"@type\":\"ReadAction\",\"target\":[\"http:\/\/www.kotlylawa.pl\/?page_id=602\"]}]},{\"@type\":\"ImageObject\",\"inLanguage\":\"pl-PL\",\"@id\":\"http:\/\/www.kotlylawa.pl\/?page_id=602#primaryimage\",\"url\":\"http:\/\/www.kotlylawa.pl\/wp-content\/uploads\/2025\/02\/Palnik_Eko-groszek_2.jpg\",\"contentUrl\":\"http:\/\/www.kotlylawa.pl\/wp-content\/uploads\/2025\/02\/Palnik_Eko-groszek_2.jpg\",\"width\":1000,\"height\":437},{\"@type\":\"BreadcrumbList\",\"@id\":\"http:\/\/www.kotlylawa.pl\/?page_id=602#breadcrumb\",\"itemListElement\":[{\"@type\":\"ListItem\",\"position\":1,\"name\":\"Home\",\"item\":\"http:\/\/www.kotlylawa.pl\/\"},{\"@type\":\"ListItem\",\"position\":2,\"name\":\"Palnik eko groszek\"}]},{\"@type\":\"WebSite\",\"@id\":\"http:\/\/www.kotlylawa.pl\/#website\",\"url\":\"http:\/\/www.kotlylawa.pl\/\",\"name\":\"Kot\u0142y Lawa\",\"description\":\"Wysokiej jako\u015bci kot\u0142y grzewcze na paliwa sta\u0142e.\",\"potentialAction\":[{\"@type\":\"SearchAction\",\"target\":{\"@type\":\"EntryPoint\",\"urlTemplate\":\"http:\/\/www.kotlylawa.pl\/?s={search_term_string}\"},\"query-input\":{\"@type\":\"PropertyValueSpecification\",\"valueRequired\":true,\"valueName\":\"search_term_string\"}}],\"inLanguage\":\"pl-PL\"}]}<\/script>\n<!-- \/ Yoast SEO plugin. -->","yoast_head_json":{"title":"Palnik eko groszek - Kot\u0142y Lawa","robots":{"index":"index","follow":"follow","max-snippet":"max-snippet:-1","max-image-preview":"max-image-preview:large","max-video-preview":"max-video-preview:-1"},"canonical":"http:\/\/www.kotlylawa.pl\/?page_id=602","og_locale":"pl_PL","og_type":"article","og_title":"Palnik eko groszek - Kot\u0142y Lawa","og_description":"Eko groszek \u2013 sta\u0142y","og_url":"http:\/\/www.kotlylawa.pl\/?page_id=602","og_site_name":"Kot\u0142y Lawa","article_modified_time":"2025-03-22T16:33:42+00:00","og_image":[{"url":"http:\/\/www.kotlylawa.pl\/wp-content\/uploads\/2025\/02\/Palnik_Eko-groszek_2.jpg","type":"","width":"","height":""}],"twitter_card":"summary_large_image","schema":{"@context":"https:\/\/schema.org","@graph":[{"@type":"WebPage","@id":"http:\/\/www.kotlylawa.pl\/?page_id=602","url":"http:\/\/www.kotlylawa.pl\/?page_id=602","name":"Palnik eko groszek - Kot\u0142y Lawa","isPartOf":{"@id":"http:\/\/www.kotlylawa.pl\/#website"},"primaryImageOfPage":{"@id":"http:\/\/www.kotlylawa.pl\/?page_id=602#primaryimage"},"image":{"@id":"http:\/\/www.kotlylawa.pl\/?page_id=602#primaryimage"},"thumbnailUrl":"http:\/\/www.kotlylawa.pl\/wp-content\/uploads\/2025\/02\/Palnik_Eko-groszek_2.jpg","datePublished":"2025-02-27T09:38:41+00:00","dateModified":"2025-03-22T16:33:42+00:00","breadcrumb":{"@id":"http:\/\/www.kotlylawa.pl\/?page_id=602#breadcrumb"},"inLanguage":"pl-PL","potentialAction":[{"@type":"ReadAction","target":["http:\/\/www.kotlylawa.pl\/?page_id=602"]}]},{"@type":"ImageObject","inLanguage":"pl-PL","@id":"http:\/\/www.kotlylawa.pl\/?page_id=602#primaryimage","url":"http:\/\/www.kotlylawa.pl\/wp-content\/uploads\/2025\/02\/Palnik_Eko-groszek_2.jpg","contentUrl":"http:\/\/www.kotlylawa.pl\/wp-content\/uploads\/2025\/02\/Palnik_Eko-groszek_2.jpg","width":1000,"height":437},{"@type":"BreadcrumbList","@id":"http:\/\/www.kotlylawa.pl\/?page_id=602#breadcrumb","itemListElement":[{"@type":"ListItem","position":1,"name":"Home","item":"http:\/\/www.kotlylawa.pl\/"},{"@type":"ListItem","position":2,"name":"Palnik eko groszek"}]},{"@type":"WebSite","@id":"http:\/\/www.kotlylawa.pl\/#website","url":"http:\/\/www.kotlylawa.pl\/","name":"Kot\u0142y Lawa","description":"Wysokiej jako\u015bci kot\u0142y grzewcze na paliwa sta\u0142e.","potentialAction":[{"@type":"SearchAction","target":{"@type":"EntryPoint","urlTemplate":"http:\/\/www.kotlylawa.pl\/?s={search_term_string}"},"query-input":{"@type":"PropertyValueSpecification","valueRequired":true,"valueName":"search_term_string"}}],"inLanguage":"pl-PL"}]}},"_links":{"self":[{"href":"http:\/\/www.kotlylawa.pl\/index.php?rest_route=\/wp\/v2\/pages\/602","targetHints":{"allow":["GET"]}}],"collection":[{"href":"http:\/\/www.kotlylawa.pl\/index.php?rest_route=\/wp\/v2\/pages"}],"about":[{"href":"http:\/\/www.kotlylawa.pl\/index.php?rest_route=\/wp\/v2\/types\/page"}],"author":[{"embeddable":true,"href":"http:\/\/www.kotlylawa.pl\/index.php?rest_route=\/wp\/v2\/users\/1"}],"replies":[{"embeddable":true,"href":"http:\/\/www.kotlylawa.pl\/index.php?rest_route=%2Fwp%2Fv2%2Fcomments&post=602"}],"version-history":[{"count":23,"href":"http:\/\/www.kotlylawa.pl\/index.php?rest_route=\/wp\/v2\/pages\/602\/revisions"}],"predecessor-version":[{"id":974,"href":"http:\/\/www.kotlylawa.pl\/index.php?rest_route=\/wp\/v2\/pages\/602\/revisions\/974"}],"wp:attachment":[{"href":"http:\/\/www.kotlylawa.pl\/index.php?rest_route=%2Fwp%2Fv2%2Fmedia&parent=602"}],"curies":[{"name":"wp","href":"https:\/\/api.w.org\/{rel}","templated":true}]}}